{"id":3366,"date":"2023-09-14T09:34:35","date_gmt":"2023-09-14T01:34:35","guid":{"rendered":"https:\/\/www.gofittrade.com\/?post_type=product&#038;p=3366"},"modified":"2024-06-19T10:05:25","modified_gmt":"2024-06-19T02:05:25","slug":"trituradora-de-madera-profesional-de-alimentacion-forzada-hidraulica-trituradora-de-aserrin-de-chatarra-trituradora-de-aserrin-de-madera","status":"publish","type":"product","link":"https:\/\/www.gofittrade.com\/zh\/product\/trituradora-de-madera-profesional-de-alimentacion-forzada-hidraulica-trituradora-de-aserrin-de-chatarra-trituradora-de-aserrin-de-madera\/","title":{"rendered":"Hydraulic Forced Feeding Professional wood crusher scrap sawdust crusher trituradora de aserr\u00edn de madera"},"content":{"rendered":"<p><img loading=\"lazy\" decoding=\"async\" class=\"alignnone size-full wp-image-3368\" src=\"http:\/\/www.gofittrade.com\/wp-content\/uploads\/2023\/09\/trituradora-de-madera-trituradora-de-ramas-de-made01.jpg\" alt=\"\" width=\"800\" height=\"800\" \/><\/p>\n<div class=\"text-content\">\n<p>This wood waste trituradora de aserr\u00edn de madera hammer mill is the ideal crushing equipment for all kinds of pieces of wood waste, rice husk, straw,<br \/>\ncorn, maize, grass, stalk, tree branches, scrap cardboard, bamboo, scrap wood, corn stalk, peanut shell, wheat<br \/>\nstalk, firewood, cotton stalk and biomass husk, etc.<br \/>\nThis kind of hammer mill is widely used in farms, lumber factories, etc.<\/p>\n<p>It is equipped with a high carbon steel blade.It is equipped with hydraulic forced feeding system, easy to operate.<br \/>\nRaw materials can be crushed into small particles (3-5mm). The hammer mill works with high<br \/>\nefficiency and gain a better reputation among European users.<\/p>\n<\/div>\n<h4>Chipeadora Wood sawdust hammer mill parameter<\/h4>\n<div>\n<div class=\"J_module\"><\/div>\n<div class=\"J_module\">\n<div class=\"detail-decorate-json-renderer-container\">\n<div class=\"magic-8\">\n<div class=\"magic-9\">\n<div class=\"magic-10\">\n<div class=\"magic-11\">\n<table class=\"has-title all magic-10\" style=\"height: 169px;\" width=\"568\">\n<tbody>\n<tr>\n<td colspan=\"1\" rowspan=\"1\">\n<div class=\"magic-11\">model<\/div>\n<\/td>\n<td colspan=\"1\" rowspan=\"1\">\n<div class=\"magic-12\">yield(t\/h)<\/div>\n<\/td>\n<td colspan=\"1\" rowspan=\"1\">\n<div class=\"magic-12\">power(kw)<\/div>\n<\/td>\n<td colspan=\"1\" rowspan=\"1\">\n<div class=\"magic-13\">Hammer size\uff08mm\uff09<\/div>\n<\/td>\n<\/tr>\n<tr>\n<td colspan=\"1\" rowspan=\"1\">\n<div class=\"magic-14\">600<\/div>\n<\/td>\n<td colspan=\"1\" rowspan=\"1\">\n<div class=\"magic-12\">0.8-1<\/div>\n<\/td>\n<td colspan=\"1\" rowspan=\"1\">\n<div class=\"magic-12\">37<\/div>\n<\/td>\n<td colspan=\"1\" rowspan=\"1\">\n<div class=\"magic-13\">180*60*8<\/div>\n<\/td>\n<\/tr>\n<tr>\n<td colspan=\"1\" rowspan=\"1\">\n<div class=\"magic-14\">800<\/div>\n<\/td>\n<td colspan=\"1\" rowspan=\"1\">\n<div class=\"magic-12\">1-1.5<\/div>\n<\/td>\n<td colspan=\"1\" rowspan=\"1\">\n<div class=\"magic-12\">55<\/div>\n<\/td>\n<td colspan=\"1\" rowspan=\"1\">\n<div class=\"magic-13\">180*60*8<\/div>\n<\/td>\n<\/tr>\n<tr>\n<td colspan=\"1\" rowspan=\"1\">\n<div class=\"magic-11\">1000<\/div>\n<\/td>\n<td colspan=\"1\" rowspan=\"1\">\n<div class=\"magic-12\">2-3<\/div>\n<\/td>\n<td colspan=\"1\" rowspan=\"1\">\n<div class=\"magic-12\">75<\/div>\n<\/td>\n<td colspan=\"1\" rowspan=\"1\">\n<div class=\"magic-13\" data-spm-anchor-id=\"a2700.details.0.i44.1bf96425tFLsgq\">180*60*8<\/div>\n<\/td>\n<\/tr>\n<\/tbody>\n<\/table>\n<\/div>\n<\/div>\n<\/div>\n<\/div>\n<\/div>\n<\/div>\n<\/div>\n<p><img loading=\"lazy\" decoding=\"async\" class=\"alignnone size-full wp-image-3369\" src=\"http:\/\/www.gofittrade.com\/wp-content\/uploads\/2023\/09\/trituradora-de-madera-trituradora-de-ramas-de-made02.jpg\" alt=\"\" width=\"800\" height=\"800\" \/><\/p>\n<p><img loading=\"lazy\" decoding=\"async\" class=\"alignnone size-full wp-image-3375\" src=\"http:\/\/www.gofittrade.com\/wp-content\/uploads\/2023\/09\/trituradora-de-madera-trituradora-de-ramas-de-made08.jpg\" alt=\"\" width=\"800\" height=\"800\" \/><\/p>\n<p><img loading=\"lazy\" decoding=\"async\" class=\"alignnone size-full wp-image-3376\" src=\"http:\/\/www.gofittrade.com\/wp-content\/uploads\/2023\/09\/trituradora-de-madera-trituradora-de-ramas-de-made09.jpg\" alt=\"\" width=\"800\" height=\"800\" \/><\/p>\n<p><img loading=\"lazy\" decoding=\"async\" class=\"alignnone size-full wp-image-3379\" src=\"http:\/\/www.gofittrade.com\/wp-content\/uploads\/2023\/09\/trituradora-de-madera-trituradora-de-ramas-de-made12.jpg\" alt=\"\" width=\"800\" height=\"800\" \/><\/p>\n<p><img loading=\"lazy\" decoding=\"async\" class=\"alignnone size-full wp-image-3378\" src=\"http:\/\/www.gofittrade.com\/wp-content\/uploads\/2023\/09\/trituradora-de-madera-trituradora-de-ramas-de-made11.jpg\" alt=\"\" width=\"800\" height=\"800\" \/><\/p>\n<p><img loading=\"lazy\" decoding=\"async\" class=\"alignnone size-full wp-image-3377\" src=\"http:\/\/www.gofittrade.com\/wp-content\/uploads\/2023\/09\/trituradora-de-madera-trituradora-de-ramas-de-made10.jpg\" alt=\"\" width=\"800\" height=\"800\" \/> <img loading=\"lazy\" decoding=\"async\" class=\"alignnone size-full wp-image-3370\" src=\"http:\/\/www.gofittrade.com\/wp-content\/uploads\/2023\/09\/trituradora-de-madera-trituradora-de-ramas-de-made03.jpg\" alt=\"\" width=\"800\" height=\"800\" \/> <img loading=\"lazy\" decoding=\"async\" class=\"alignnone size-full wp-image-3371\" src=\"http:\/\/www.gofittrade.com\/wp-content\/uploads\/2023\/09\/trituradora-de-madera-trituradora-de-ramas-de-made04.jpg\" alt=\"\" width=\"800\" height=\"800\" \/> <img loading=\"lazy\" decoding=\"async\" class=\"alignnone size-full wp-image-3372\" src=\"http:\/\/www.gofittrade.com\/wp-content\/uploads\/2023\/09\/trituradora-de-madera-trituradora-de-ramas-de-made05.jpg\" alt=\"\" width=\"800\" height=\"800\" \/> <img loading=\"lazy\" decoding=\"async\" class=\"alignnone size-full wp-image-3373\" src=\"http:\/\/www.gofittrade.com\/wp-content\/uploads\/2023\/09\/trituradora-de-madera-trituradora-de-ramas-de-made06.jpg\" alt=\"\" width=\"800\" height=\"2256\" \/> <img loading=\"lazy\" decoding=\"async\" class=\"alignnone size-full wp-image-3374\" src=\"http:\/\/www.gofittrade.com\/wp-content\/uploads\/2023\/09\/trituradora-de-madera-trituradora-de-ramas-de-made07.jpg\" alt=\"\" width=\"800\" height=\"433\" \/><\/p>","protected":false},"excerpt":{"rendered":"<p>This wood waste trituradora de aserr\u00edn de madera hammer mill is the ideal crushing equipment for all kinds of pieces of wood waste, rice husk, straw, corn, maize, grass, stalk, tree branches, scrap cardboard, bamboo, scrap wood, corn stalk, peanut shell, wheat stalk, firewood, cotton stalk and biomass husk, etc. This kind of hammer mill [&hellip;]<\/p>","protected":false},"featured_media":3375,"comment_status":"open","ping_status":"closed","template":"","meta":[],"product_cat":[58,45,61],"product_tag":[],"class_list":["post-3366","product","type-product","status-publish","has-post-thumbnail","hentry","product_cat-wood-chipper","product_cat-wood-pellet-production-line","product_cat-charcoal-production-line"],"yoast_head":"<!-- This site is optimized with the Yoast SEO plugin v20.13 - https:\/\/yoast.com\/wordpress\/plugins\/seo\/ -->\n<title>Hydraulic Forced Feeding Professional wood crusher scrap sawdust crusher trituradora de aserr\u00edn de madera - Gongyi Gofit Trading Co.,ltd<\/title>\n<meta name=\"description\" content=\"Este molino de martillos trituradora de aserr\u00edn de madera para desechos de madera es el equipo de trituraci\u00f3n ideal para todo tipo de desechos de madera, c\u00e1scara de arroz, paja,ma\u00edz, hierba, tallo, ramas de \u00e1rboles, trozos de cart\u00f3n, bamb\u00fa, trozos de madera, tallo de ma\u00edz, c\u00e1scara de man\u00ed, trigotallo, le\u00f1a, tallo de algod\u00f3n y cascarilla de biomasa, etc.Este tipo de molino de martillos se utiliza mucho en granjas, f\u00e1bricas de madera, etc.Est\u00e1 equipado con una hoja de acero con alto contenido de carbono y est\u00e1 equipado con un sistema de alimentaci\u00f3n hidr\u00e1ulica forzada, f\u00e1cil de operar.Las materias primas se pueden triturar en part\u00edculas peque\u00f1as (3-5 mm). El molino de martillos trabaja con altaeficiencia y ganar una mejor reputaci\u00f3n entre los usuarios europeos.\" \/>\n<meta name=\"robots\" content=\"index, follow, max-snippet:-1, max-image-preview:large, max-video-preview:-1\" \/>\n<link rel=\"canonical\" href=\"https:\/\/www.gofittrade.com\/zh\/product\/trituradora-de-madera-profesional-de-alimentacion-forzada-hidraulica-trituradora-de-aserrin-de-chatarra-trituradora-de-aserrin-de-madera\/\" \/>\n<meta property=\"og:locale\" content=\"zh_CN\" \/>\n<meta property=\"og:type\" content=\"article\" \/>\n<meta property=\"og:title\" content=\"Hydraulic Forced Feeding Professional wood crusher scrap sawdust crusher trituradora de aserr\u00edn de madera - Gongyi Gofit Trading Co.,ltd\" \/>\n<meta property=\"og:description\" content=\"Este molino de martillos trituradora de aserr\u00edn de madera para desechos de madera es el equipo de trituraci\u00f3n ideal para todo tipo de desechos de madera, c\u00e1scara de arroz, paja,ma\u00edz, hierba, tallo, ramas de \u00e1rboles, trozos de cart\u00f3n, bamb\u00fa, trozos de madera, tallo de ma\u00edz, c\u00e1scara de man\u00ed, trigotallo, le\u00f1a, tallo de algod\u00f3n y cascarilla de biomasa, etc.Este tipo de molino de martillos se utiliza mucho en granjas, f\u00e1bricas de madera, etc.Est\u00e1 equipado con una hoja de acero con alto contenido de carbono y est\u00e1 equipado con un sistema de alimentaci\u00f3n hidr\u00e1ulica forzada, f\u00e1cil de operar.Las materias primas se pueden triturar en part\u00edculas peque\u00f1as (3-5 mm). El molino de martillos trabaja con altaeficiencia y ganar una mejor reputaci\u00f3n entre los usuarios europeos.\" \/>\n<meta property=\"og:url\" content=\"https:\/\/www.gofittrade.com\/zh\/product\/trituradora-de-madera-profesional-de-alimentacion-forzada-hidraulica-trituradora-de-aserrin-de-chatarra-trituradora-de-aserrin-de-madera\/\" \/>\n<meta property=\"og:site_name\" content=\"Gongyi Gofit Trading Co.,ltd\" \/>\n<meta property=\"article:publisher\" content=\"https:\/\/www.facebook.com\/people\/Gofit-Farm-Wood-Processing-Machine\/100087008288435\/\" \/>\n<meta property=\"article:modified_time\" content=\"2024-06-19T02:05:25+00:00\" \/>\n<meta property=\"og:image\" content=\"https:\/\/www.gofittrade.com\/wp-content\/uploads\/2023\/09\/trituradora-de-madera-trituradora-de-ramas-de-made08.jpg\" \/>\n\t<meta property=\"og:image:width\" content=\"800\" \/>\n\t<meta property=\"og:image:height\" content=\"800\" \/>\n\t<meta property=\"og:image:type\" content=\"image\/jpeg\" \/>\n<meta name=\"twitter:card\" content=\"summary_large_image\" \/>\n<meta name=\"twitter:site\" content=\"@CedricSinger1\" \/>\n<meta name=\"twitter:label1\" content=\"\u9884\u8ba1\u9605\u8bfb\u65f6\u95f4\" \/>\n\t<meta name=\"twitter:data1\" content=\"4 \u5206\" \/>\n<script type=\"application\/ld+json\" class=\"yoast-schema-graph\">{\"@context\":\"https:\/\/schema.org\",\"@graph\":[{\"@type\":\"WebPage\",\"@id\":\"https:\/\/www.gofittrade.com\/product\/trituradora-de-madera-profesional-de-alimentacion-forzada-hidraulica-trituradora-de-aserrin-de-chatarra-trituradora-de-aserrin-de-madera\/\",\"url\":\"https:\/\/www.gofittrade.com\/product\/trituradora-de-madera-profesional-de-alimentacion-forzada-hidraulica-trituradora-de-aserrin-de-chatarra-trituradora-de-aserrin-de-madera\/\",\"name\":\"Hydraulic Forced Feeding Professional wood crusher scrap sawdust crusher trituradora de aserr\u00edn de madera - Gongyi Gofit Trading Co.,ltd\",\"isPartOf\":{\"@id\":\"https:\/\/www.gofittrade.com\/#website\"},\"datePublished\":\"2023-09-14T01:34:35+00:00\",\"dateModified\":\"2024-06-19T02:05:25+00:00\",\"description\":\"Este molino de martillos trituradora de aserr\u00edn de madera para desechos de madera es el equipo de trituraci\u00f3n ideal para todo tipo de desechos de madera, c\u00e1scara de arroz, paja,ma\u00edz, hierba, tallo, ramas de \u00e1rboles, trozos de cart\u00f3n, bamb\u00fa, trozos de madera, tallo de ma\u00edz, c\u00e1scara de man\u00ed, trigotallo, le\u00f1a, tallo de algod\u00f3n y cascarilla de biomasa, etc.Este tipo de molino de martillos se utiliza mucho en granjas, f\u00e1bricas de madera, etc.Est\u00e1 equipado con una hoja de acero con alto contenido de carbono y est\u00e1 equipado con un sistema de alimentaci\u00f3n hidr\u00e1ulica forzada, f\u00e1cil de operar.Las materias primas se pueden triturar en part\u00edculas peque\u00f1as (3-5 mm). El molino de martillos trabaja con altaeficiencia y ganar una mejor reputaci\u00f3n entre los usuarios europeos.\",\"breadcrumb\":{\"@id\":\"https:\/\/www.gofittrade.com\/product\/trituradora-de-madera-profesional-de-alimentacion-forzada-hidraulica-trituradora-de-aserrin-de-chatarra-trituradora-de-aserrin-de-madera\/#breadcrumb\"},\"inLanguage\":\"zh-Hans\",\"potentialAction\":[{\"@type\":\"ReadAction\",\"target\":[\"https:\/\/www.gofittrade.com\/product\/trituradora-de-madera-profesional-de-alimentacion-forzada-hidraulica-trituradora-de-aserrin-de-chatarra-trituradora-de-aserrin-de-madera\/\"]}]},{\"@type\":\"BreadcrumbList\",\"@id\":\"https:\/\/www.gofittrade.com\/product\/trituradora-de-madera-profesional-de-alimentacion-forzada-hidraulica-trituradora-de-aserrin-de-chatarra-trituradora-de-aserrin-de-madera\/#breadcrumb\",\"itemListElement\":[{\"@type\":\"ListItem\",\"position\":1,\"name\":\"\u9996\u9875\",\"item\":\"https:\/\/www.gofittrade.com\/\"},{\"@type\":\"ListItem\",\"position\":2,\"name\":\"Product\",\"item\":\"https:\/\/www.gofittrade.com\/product\/\"},{\"@type\":\"ListItem\",\"position\":3,\"name\":\"Hydraulic Forced Feeding Professional wood crusher scrap sawdust crusher trituradora de aserr\u00edn de madera\"}]},{\"@type\":\"WebSite\",\"@id\":\"https:\/\/www.gofittrade.com\/#website\",\"url\":\"https:\/\/www.gofittrade.com\/\",\"name\":\"Gongyi Gofit Trading Co.,ltd\",\"description\":\"\",\"publisher\":{\"@id\":\"https:\/\/www.gofittrade.com\/#organization\"},\"potentialAction\":[{\"@type\":\"SearchAction\",\"target\":{\"@type\":\"EntryPoint\",\"urlTemplate\":\"https:\/\/www.gofittrade.com\/?s={search_term_string}\"},\"query-input\":\"required name=search_term_string\"}],\"inLanguage\":\"zh-Hans\"},{\"@type\":\"Organization\",\"@id\":\"https:\/\/www.gofittrade.com\/#organization\",\"name\":\"Gongyi Gofit Trading Co.,ltd\",\"url\":\"https:\/\/www.gofittrade.com\/\",\"logo\":{\"@type\":\"ImageObject\",\"inLanguage\":\"zh-Hans\",\"@id\":\"https:\/\/www.gofittrade.com\/#\/schema\/logo\/image\/\",\"url\":\"https:\/\/www.gofittrade.com\/wp-content\/uploads\/2023\/08\/cropped-logo\u65e0\u5e95.png\",\"contentUrl\":\"https:\/\/www.gofittrade.com\/wp-content\/uploads\/2023\/08\/cropped-logo\u65e0\u5e95.png\",\"width\":513,\"height\":311,\"caption\":\"Gongyi Gofit Trading Co.,ltd\"},\"image\":{\"@id\":\"https:\/\/www.gofittrade.com\/#\/schema\/logo\/image\/\"},\"sameAs\":[\"https:\/\/www.facebook.com\/people\/Gofit-Farm-Wood-Processing-Machine\/100087008288435\/\",\"https:\/\/twitter.com\/CedricSinger1\",\"https:\/\/www.youtube.com\/@Chinesefactory\"]}]}<\/script>\n<!-- \/ Yoast SEO plugin. -->","yoast_head_json":{"title":"Hydraulic Forced Feeding Professional wood crusher scrap sawdust crusher trituradora de aserr\u00edn de madera - Gongyi Gofit Trading Co.,ltd","description":"Este molino de martillos trituradora de aserr\u00edn de madera para desechos de madera es el equipo de trituraci\u00f3n ideal para todo tipo de desechos de madera, c\u00e1scara de arroz, paja,ma\u00edz, hierba, tallo, ramas de \u00e1rboles, trozos de cart\u00f3n, bamb\u00fa, trozos de madera, tallo de ma\u00edz, c\u00e1scara de man\u00ed, trigotallo, le\u00f1a, tallo de algod\u00f3n y cascarilla de biomasa, etc.Este tipo de molino de martillos se utiliza mucho en granjas, f\u00e1bricas de madera, etc.Est\u00e1 equipado con una hoja de acero con alto contenido de carbono y est\u00e1 equipado con un sistema de alimentaci\u00f3n hidr\u00e1ulica forzada, f\u00e1cil de operar.Las materias primas se pueden triturar en part\u00edculas peque\u00f1as (3-5 mm). El molino de martillos trabaja con altaeficiencia y ganar una mejor reputaci\u00f3n entre los usuarios europeos.","robots":{"index":"index","follow":"follow","max-snippet":"max-snippet:-1","max-image-preview":"max-image-preview:large","max-video-preview":"max-video-preview:-1"},"canonical":"https:\/\/www.gofittrade.com\/zh\/product\/trituradora-de-madera-profesional-de-alimentacion-forzada-hidraulica-trituradora-de-aserrin-de-chatarra-trituradora-de-aserrin-de-madera\/","og_locale":"zh_CN","og_type":"article","og_title":"Hydraulic Forced Feeding Professional wood crusher scrap sawdust crusher trituradora de aserr\u00edn de madera - Gongyi Gofit Trading Co.,ltd","og_description":"Este molino de martillos trituradora de aserr\u00edn de madera para desechos de madera es el equipo de trituraci\u00f3n ideal para todo tipo de desechos de madera, c\u00e1scara de arroz, paja,ma\u00edz, hierba, tallo, ramas de \u00e1rboles, trozos de cart\u00f3n, bamb\u00fa, trozos de madera, tallo de ma\u00edz, c\u00e1scara de man\u00ed, trigotallo, le\u00f1a, tallo de algod\u00f3n y cascarilla de biomasa, etc.Este tipo de molino de martillos se utiliza mucho en granjas, f\u00e1bricas de madera, etc.Est\u00e1 equipado con una hoja de acero con alto contenido de carbono y est\u00e1 equipado con un sistema de alimentaci\u00f3n hidr\u00e1ulica forzada, f\u00e1cil de operar.Las materias primas se pueden triturar en part\u00edculas peque\u00f1as (3-5 mm). El molino de martillos trabaja con altaeficiencia y ganar una mejor reputaci\u00f3n entre los usuarios europeos.","og_url":"https:\/\/www.gofittrade.com\/zh\/product\/trituradora-de-madera-profesional-de-alimentacion-forzada-hidraulica-trituradora-de-aserrin-de-chatarra-trituradora-de-aserrin-de-madera\/","og_site_name":"Gongyi Gofit Trading Co.,ltd","article_publisher":"https:\/\/www.facebook.com\/people\/Gofit-Farm-Wood-Processing-Machine\/100087008288435\/","article_modified_time":"2024-06-19T02:05:25+00:00","og_image":[{"width":800,"height":800,"url":"https:\/\/www.gofittrade.com\/wp-content\/uploads\/2023\/09\/trituradora-de-madera-trituradora-de-ramas-de-made08.jpg","type":"image\/jpeg"}],"twitter_card":"summary_large_image","twitter_site":"@CedricSinger1","twitter_misc":{"\u9884\u8ba1\u9605\u8bfb\u65f6\u95f4":"4 \u5206"},"schema":{"@context":"https:\/\/schema.org","@graph":[{"@type":"WebPage","@id":"https:\/\/www.gofittrade.com\/product\/trituradora-de-madera-profesional-de-alimentacion-forzada-hidraulica-trituradora-de-aserrin-de-chatarra-trituradora-de-aserrin-de-madera\/","url":"https:\/\/www.gofittrade.com\/product\/trituradora-de-madera-profesional-de-alimentacion-forzada-hidraulica-trituradora-de-aserrin-de-chatarra-trituradora-de-aserrin-de-madera\/","name":"Hydraulic Forced Feeding Professional wood crusher scrap sawdust crusher trituradora de aserr\u00edn de madera - Gongyi Gofit Trading Co.,ltd","isPartOf":{"@id":"https:\/\/www.gofittrade.com\/#website"},"datePublished":"2023-09-14T01:34:35+00:00","dateModified":"2024-06-19T02:05:25+00:00","description":"Este molino de martillos trituradora de aserr\u00edn de madera para desechos de madera es el equipo de trituraci\u00f3n ideal para todo tipo de desechos de madera, c\u00e1scara de arroz, paja,ma\u00edz, hierba, tallo, ramas de \u00e1rboles, trozos de cart\u00f3n, bamb\u00fa, trozos de madera, tallo de ma\u00edz, c\u00e1scara de man\u00ed, trigotallo, le\u00f1a, tallo de algod\u00f3n y cascarilla de biomasa, etc.Este tipo de molino de martillos se utiliza mucho en granjas, f\u00e1bricas de madera, etc.Est\u00e1 equipado con una hoja de acero con alto contenido de carbono y est\u00e1 equipado con un sistema de alimentaci\u00f3n hidr\u00e1ulica forzada, f\u00e1cil de operar.Las materias primas se pueden triturar en part\u00edculas peque\u00f1as (3-5 mm). El molino de martillos trabaja con altaeficiencia y ganar una mejor reputaci\u00f3n entre los usuarios europeos.","breadcrumb":{"@id":"https:\/\/www.gofittrade.com\/product\/trituradora-de-madera-profesional-de-alimentacion-forzada-hidraulica-trituradora-de-aserrin-de-chatarra-trituradora-de-aserrin-de-madera\/#breadcrumb"},"inLanguage":"zh-Hans","potentialAction":[{"@type":"ReadAction","target":["https:\/\/www.gofittrade.com\/product\/trituradora-de-madera-profesional-de-alimentacion-forzada-hidraulica-trituradora-de-aserrin-de-chatarra-trituradora-de-aserrin-de-madera\/"]}]},{"@type":"BreadcrumbList","@id":"https:\/\/www.gofittrade.com\/product\/trituradora-de-madera-profesional-de-alimentacion-forzada-hidraulica-trituradora-de-aserrin-de-chatarra-trituradora-de-aserrin-de-madera\/#breadcrumb","itemListElement":[{"@type":"ListItem","position":1,"name":"\u9996\u9875","item":"https:\/\/www.gofittrade.com\/"},{"@type":"ListItem","position":2,"name":"Product","item":"https:\/\/www.gofittrade.com\/product\/"},{"@type":"ListItem","position":3,"name":"Hydraulic Forced Feeding Professional wood crusher scrap sawdust crusher trituradora de aserr\u00edn de madera"}]},{"@type":"WebSite","@id":"https:\/\/www.gofittrade.com\/#website","url":"https:\/\/www.gofittrade.com\/","name":"Gongyi Gofit Trading Co.,ltd","description":"","publisher":{"@id":"https:\/\/www.gofittrade.com\/#organization"},"potentialAction":[{"@type":"SearchAction","target":{"@type":"EntryPoint","urlTemplate":"https:\/\/www.gofittrade.com\/?s={search_term_string}"},"query-input":"required name=search_term_string"}],"inLanguage":"zh-Hans"},{"@type":"Organization","@id":"https:\/\/www.gofittrade.com\/#organization","name":"Gongyi Gofit Trading Co.,ltd","url":"https:\/\/www.gofittrade.com\/","logo":{"@type":"ImageObject","inLanguage":"zh-Hans","@id":"https:\/\/www.gofittrade.com\/#\/schema\/logo\/image\/","url":"https:\/\/www.gofittrade.com\/wp-content\/uploads\/2023\/08\/cropped-logo\u65e0\u5e95.png","contentUrl":"https:\/\/www.gofittrade.com\/wp-content\/uploads\/2023\/08\/cropped-logo\u65e0\u5e95.png","width":513,"height":311,"caption":"Gongyi Gofit Trading Co.,ltd"},"image":{"@id":"https:\/\/www.gofittrade.com\/#\/schema\/logo\/image\/"},"sameAs":["https:\/\/www.facebook.com\/people\/Gofit-Farm-Wood-Processing-Machine\/100087008288435\/","https:\/\/twitter.com\/CedricSinger1","https:\/\/www.youtube.com\/@Chinesefactory"]}]}},"_links":{"self":[{"href":"https:\/\/www.gofittrade.com\/zh\/wp-json\/wp\/v2\/product\/3366","targetHints":{"allow":["GET"]}}],"collection":[{"href":"https:\/\/www.gofittrade.com\/zh\/wp-json\/wp\/v2\/product"}],"about":[{"href":"https:\/\/www.gofittrade.com\/zh\/wp-json\/wp\/v2\/types\/product"}],"replies":[{"embeddable":true,"href":"https:\/\/www.gofittrade.com\/zh\/wp-json\/wp\/v2\/comments?post=3366"}],"wp:featuredmedia":[{"embeddable":true,"href":"https:\/\/www.gofittrade.com\/zh\/wp-json\/wp\/v2\/media\/3375"}],"wp:attachment":[{"href":"https:\/\/www.gofittrade.com\/zh\/wp-json\/wp\/v2\/media?parent=3366"}],"wp:term":[{"taxonomy":"product_cat","embeddable":true,"href":"https:\/\/www.gofittrade.com\/zh\/wp-json\/wp\/v2\/product_cat?post=3366"},{"taxonomy":"product_tag","embeddable":true,"href":"https:\/\/www.gofittrade.com\/zh\/wp-json\/wp\/v2\/product_tag?post=3366"}],"curies":[{"name":"wp","href":"https:\/\/api.w.org\/{rel}","templated":true}]}}